{"id":3541,"date":"2023-04-07T15:11:32","date_gmt":"2023-04-07T14:11:32","guid":{"rendered":"https:\/\/mojacarholidayservices.com\/?page_id=3541"},"modified":"2025-11-28T16:36:33","modified_gmt":"2025-11-28T16:36:33","slug":"casa-tia","status":"publish","type":"page","link":"https:\/\/mojacarholidayservices.com\/es\/villas\/casa-tia\/","title":{"rendered":"Casa Tia"},"content":{"rendered":"<div data-elementor-type=\"wp-page\" data-elementor-id=\"3541\" class=\"elementor elementor-3541\" data-elementor-post-type=\"page\">\n\t\t\t\t\t\t<section class=\"elementor-section elementor-top-section elementor-element elementor-element-d77d9d1 elementor-section-boxed elementor-section-height-default elementor-section-height-default\" data-id=\"d77d9d1\" data-element_type=\"section\" data-e-type=\"section\">\n\t\t\t\t\t\t<div class=\"elementor-container elementor-column-gap-default\">\n\t\t\t\t\t<div class=\"elementor-column elementor-col-100 elementor-top-column elementor-element elementor-element-7afd2366\" data-id=\"7afd2366\" data-element_type=\"column\" data-e-type=\"column\">\n\t\t\t<div class=\"elementor-widget-wrap elementor-element-populated\">\n\t\t\t\t\t\t<div class=\"elementor-element elementor-element-45851432 elementor-align-left elementor-widget elementor-widget-button\" data-id=\"45851432\" data-element_type=\"widget\" data-e-type=\"widget\" data-widget_type=\"button.default\">\n\t\t\t\t<div class=\"elementor-widget-container\">\n\t\t\t\t\t\t\t\t\t<div class=\"elementor-button-wrapper\">\n\t\t\t\t\t<a class=\"elementor-button elementor-button-link elementor-size-sm\" href=\"http:\/\/mojacarholidayservices.com\/es\/villas\/\">\n\t\t\t\t\t\t<span class=\"elementor-button-content-wrapper\">\n\t\t\t\t\t\t\t\t\t<span class=\"elementor-button-text\">Volver<\/span>\n\t\t\t\t\t<\/span>\n\t\t\t\t\t<\/a>\n\t\t\t\t<\/div>\n\t\t\t\t\t\t\t\t<\/div>\n\t\t\t\t<\/div>\n\t\t\t\t<section class=\"elementor-section elementor-inner-section elementor-element elementor-element-387bcd31 elementor-section-boxed elementor-section-height-default elementor-section-height-default\" data-id=\"387bcd31\" data-element_type=\"section\" data-e-type=\"section\">\n\t\t\t\t\t\t<div class=\"elementor-container elementor-column-gap-default\">\n\t\t\t\t\t<div class=\"elementor-column elementor-col-50 elementor-inner-column elementor-element elementor-element-5c2156d0\" data-id=\"5c2156d0\" data-element_type=\"column\" data-e-type=\"column\">\n\t\t\t<div class=\"elementor-widget-wrap elementor-element-populated\">\n\t\t\t\t\t\t<div class=\"elementor-element elementor-element-2e7d68fe elementor-widget elementor-widget-heading\" data-id=\"2e7d68fe\" data-element_type=\"widget\" data-e-type=\"widget\" data-widget_type=\"heading.default\">\n\t\t\t\t<div class=\"elementor-widget-container\">\n\t\t\t\t\t<h2 class=\"elementor-heading-title elementor-size-default\">Casa Tia<\/h2>\t\t\t\t<\/div>\n\t\t\t\t<\/div>\n\t\t\t\t<div class=\"elementor-element elementor-element-3a2315a1 elementor-widget elementor-widget-shortcode\" data-id=\"3a2315a1\" data-element_type=\"widget\" data-e-type=\"widget\" data-widget_type=\"shortcode.default\">\n\t\t\t\t<div class=\"elementor-widget-container\">\n\t\t\t\t\t\t\t<div class=\"elementor-shortcode\">  \n<\/div>\n\t\t\t\t\t\t<\/div>\n\t\t\t\t<\/div>\n\t\t\t\t<div class=\"elementor-element elementor-element-7c708431 elementor-widget elementor-widget-spacer\" data-id=\"7c708431\" data-element_type=\"widget\" data-e-type=\"widget\" data-widget_type=\"spacer.default\">\n\t\t\t\t<div class=\"elementor-widget-container\">\n\t\t\t\t\t\t\t<div class=\"elementor-spacer\">\n\t\t\t<div class=\"elementor-spacer-inner\"><\/div>\n\t\t<\/div>\n\t\t\t\t\t\t<\/div>\n\t\t\t\t<\/div>\n\t\t\t\t<div class=\"elementor-element elementor-element-53b7e771 elementor-tabs-view-horizontal elementor-widget elementor-widget-tabs\" data-id=\"53b7e771\" data-element_type=\"widget\" data-e-type=\"widget\" data-widget_type=\"tabs.default\">\n\t\t\t\t<div class=\"elementor-widget-container\">\n\t\t\t\t\t\t\t<div class=\"elementor-tabs\">\n\t\t\t<div class=\"elementor-tabs-wrapper\" role=\"tablist\" >\n\t\t\t\t\t\t\t\t\t<div id=\"elementor-tab-title-1401\" class=\"elementor-tab-title elementor-tab-desktop-title\" aria-selected=\"true\" data-tab=\"1\" role=\"tab\" tabindex=\"0\" aria-controls=\"elementor-tab-content-1401\" aria-expanded=\"false\">Descripci\u00f3n<\/div>\n\t\t\t\t\t\t\t\t\t<div id=\"elementor-tab-title-1402\" class=\"elementor-tab-title elementor-tab-desktop-title\" aria-selected=\"false\" data-tab=\"2\" role=\"tab\" tabindex=\"-1\" aria-controls=\"elementor-tab-content-1402\" aria-expanded=\"false\">Instalaciones<\/div>\n\t\t\t\t\t\t\t<\/div>\n\t\t\t<div class=\"elementor-tabs-content-wrapper\" role=\"tablist\" aria-orientation=\"vertical\">\n\t\t\t\t\t\t\t\t\t<div class=\"elementor-tab-title elementor-tab-mobile-title\" aria-selected=\"true\" data-tab=\"1\" role=\"tab\" tabindex=\"0\" aria-controls=\"elementor-tab-content-1401\" aria-expanded=\"false\">Descripci\u00f3n<\/div>\n\t\t\t\t\t<div id=\"elementor-tab-content-1401\" class=\"elementor-tab-content elementor-clearfix\" data-tab=\"1\" role=\"tabpanel\" aria-labelledby=\"elementor-tab-title-1401\" tabindex=\"0\" hidden=\"false\"><p>Central location with easy access to all of the area&#8217;s amenities but quiet residential location not overlooked and sea views.<span class=\"gmail-Apple-converted-space\">\u00a0<\/span><\/p><p>Three private terraces one with a pool and both have<span class=\"gmail_default\"> a <\/span><span class=\"gmail_default\">BBQ<\/span><span class=\"gmail_default\">,<\/span>\u00a0dining areas and sun loungers great for families and couples wanting some sun bathing and dining privacy. Small rear courtyard with bistro table suitable for breakfast and lunches.<span class=\"gmail-Apple-converted-space\">\u00a0<\/span><\/p><p>Very bright, large villa recently fully refurbished two double bedrooms, (space for cot or small foldaway bed suitable for child) with two bathrooms, one ensuite and other full bathroom with jacuzzi bath and overhead shower and large fitted wardrobes.\u00a0<span class=\"gmail-Apple-converted-space\">\u00a0<\/span><\/p><p>Large fully glazed living room, with open plan dining room and brand new fully equipped kitchen, all rooms on one level with car parking on the street or if a small car in the gated drive.<\/p><p>Private pool with outside shower and toilet, three external terraces with sitting and dining furniture, gas bbq and sun loungers. Private rear terrace with brick built bbq and seating areas with sun loungers. Full length conservatory with furniture including dining table and chairs. All rooms have air conditioning and fans with log burning fire and oil filled radiators for winter months. Close to the beach, 3 mins walk<span class=\"gmail_default\"> to a wide variety of<\/span> restaurants, bars etc.<span class=\"gmail-Apple-converted-space\">\u00a0<\/span><\/p><p>Easy access with no steep walk!! Local bus stop at the bottom of the road with<span class=\"gmail_default\"> a<\/span> supermarket<span class=\"gmail_default\">,<\/span> walking distance to the beach, restaurants, bars and boutique shopping centres.\u00a0 Beautiful sea and mountain views. Free wifi and Sky Smart\u00a0 television.<span class=\"gmail-Apple-converted-space\">\u00a0<\/span><br \/><span class=\"gmail-Apple-converted-space\"><br \/><\/span><\/p><\/div>\n\t\t\t\t\t\t\t\t\t<div class=\"elementor-tab-title elementor-tab-mobile-title\" aria-selected=\"false\" data-tab=\"2\" role=\"tab\" tabindex=\"-1\" aria-controls=\"elementor-tab-content-1402\" aria-expanded=\"false\">Instalaciones<\/div>\n\t\t\t\t\t<div id=\"elementor-tab-content-1402\" class=\"elementor-tab-content elementor-clearfix\" data-tab=\"2\" role=\"tabpanel\" aria-labelledby=\"elementor-tab-title-1402\" tabindex=\"0\" hidden=\"hidden\"><p>Vistas al mar<br \/>Jard\u00edn<br \/>Terraza<br \/>Cerca golf<br \/>Cerca de la playa<br \/>Lavadora<br \/>Internet\/WiFi<br \/>A\/C<br \/>BBQ<br \/>Secador de pelo<br \/>Ventilador<\/p><\/div>\n\t\t\t\t\t\t\t<\/div>\n\t\t<\/div>\n\t\t\t\t\t\t<\/div>\n\t\t\t\t<\/div>\n\t\t\t\t\t<\/div>\n\t\t<\/div>\n\t\t\t\t<div class=\"elementor-column elementor-col-50 elementor-inner-column elementor-element elementor-element-367cc2b7\" data-id=\"367cc2b7\" data-element_type=\"column\" data-e-type=\"column\" data-settings=\"{&quot;background_background&quot;:&quot;slideshow&quot;,&quot;background_slideshow_gallery&quot;:[],&quot;background_slideshow_loop&quot;:&quot;yes&quot;,&quot;background_slideshow_slide_duration&quot;:5000,&quot;background_slideshow_slide_transition&quot;:&quot;fade&quot;,&quot;background_slideshow_transition_duration&quot;:500}\">\n\t\t\t<div class=\"elementor-widget-wrap elementor-element-populated\">\n\t\t\t\t\t\t<div class=\"elementor-element elementor-element-50716ed1 eael-contact-form-7-button-align-left eael-contact-form-7-button-custom elementor-widget elementor-widget-eael-contact-form-7\" data-id=\"50716ed1\" data-element_type=\"widget\" data-e-type=\"widget\" data-widget_type=\"eael-contact-form-7.default\">\n\t\t\t\t<div class=\"elementor-widget-container\">\n\t\t\t\t\t<div class=\"eael-contact-form-7-wrapper\">\n                <div class=\"eael-contact-form eael-contact-form-7 eael-contact-form-50716ed1 placeholder-show eael-contact-form-align-left\"><div class=\"eael-contact-form-7-heading\"><h3 class=\"eael-contact-form-title eael-contact-form-7-title\">\n                                    Contacto\n                                <\/h3><\/div><p class=\"wpcf7-contact-form-not-found\"><strong>Error:<\/strong> Formulario de contacto no encontrado.<\/p><\/div>\n            <\/div>\t\t\t\t<\/div>\n\t\t\t\t<\/div>\n\t\t\t\t<div class=\"elementor-element elementor-element-39f2eeba elementor-widget elementor-widget-text-editor\" data-id=\"39f2eeba\" data-element_type=\"widget\" data-e-type=\"widget\" data-widget_type=\"text-editor.default\">\n\t\t\t\t<div class=\"elementor-widget-container\">\n\t\t\t\t\t\t\t\t\t<strong>Duerme 4<\/strong><br>\n<strong>Dormitorios 2<\/strong><br>\n<strong>Ba\u00f1os 2<\/strong><br>\n\n<strong>Price from p\/w: \u20ac1.890\n<\/strong><br>\n\n<a href=\"mailto:mojacarhols@gmail.com?subject=Casa%20Tia%20Ref%3A%20027\">Email for more information<\/a>\t\t\t\t\t\t\t\t<\/div>\n\t\t\t\t<\/div>\n\t\t\t\t<div class=\"elementor-element elementor-element-2809c73d elementor-widget elementor-widget-google_maps\" data-id=\"2809c73d\" data-element_type=\"widget\" data-e-type=\"widget\" data-widget_type=\"google_maps.default\">\n\t\t\t\t<div class=\"elementor-widget-container\">\n\t\t\t\t\t\t\t<div class=\"elementor-custom-embed\">\n\t\t\t<iframe loading=\"lazy\"\n\t\t\t\t\tsrc=\"https:\/\/maps.google.com\/maps?q=Calle%20Belgica%2C%20Mojacar&#038;t=m&#038;z=16&#038;output=embed&#038;iwloc=near\"\n\t\t\t\t\ttitle=\"Calle Belgica, Mojacar\"\n\t\t\t\t\taria-label=\"Calle Belgica, Mojacar\"\n\t\t\t><\/iframe>\n\t\t<\/div>\n\t\t\t\t\t\t<\/div>\n\t\t\t\t<\/div>\n\t\t\t\t\t<\/div>\n\t\t<\/div>\n\t\t\t\t\t<\/div>\n\t\t<\/section>\n\t\t\t\t\t<\/div>\n\t\t<\/div>\n\t\t\t\t\t<\/div>\n\t\t<\/section>\n\t\t\t\t<section class=\"elementor-section elementor-top-section elementor-element elementor-element-52a6332e elementor-section-full_width elementor-section-height-default elementor-section-height-default\" data-id=\"52a6332e\" data-element_type=\"section\" data-e-type=\"section\">\n\t\t\t\t\t\t<div class=\"elementor-container elementor-column-gap-default\">\n\t\t\t\t\t<div class=\"elementor-column elementor-col-100 elementor-top-column elementor-element elementor-element-4b824391\" data-id=\"4b824391\" data-element_type=\"column\" data-e-type=\"column\">\n\t\t\t<div class=\"elementor-widget-wrap elementor-element-populated\">\n\t\t\t\t\t\t<div class=\"elementor-element elementor-element-55883f7e elementor-widget elementor-widget-spacer\" data-id=\"55883f7e\" data-element_type=\"widget\" data-e-type=\"widget\" data-widget_type=\"spacer.default\">\n\t\t\t\t<div class=\"elementor-widget-container\">\n\t\t\t\t\t\t\t<div class=\"elementor-spacer\">\n\t\t\t<div class=\"elementor-spacer-inner\"><\/div>\n\t\t<\/div>\n\t\t\t\t\t\t<\/div>\n\t\t\t\t<\/div>\n\t\t\t\t<div class=\"elementor-element elementor-element-6d2521a1 elementor-widget elementor-widget-image\" data-id=\"6d2521a1\" data-element_type=\"widget\" data-e-type=\"widget\" data-widget_type=\"image.default\">\n\t\t\t\t<div class=\"elementor-widget-container\">\n\t\t\t\t\t\t\t\t\t\t\t\t\t\t\t<img decoding=\"async\" width=\"170\" height=\"202\" src=\"https:\/\/mojacarholidayservices.com\/wp-content\/uploads\/2021\/02\/almtourist.png\" class=\"attachment-full size-full wp-image-893\" alt=\"Almeria tourism\" srcset=\"https:\/\/mojacarholidayservices.com\/wp-content\/uploads\/2021\/02\/almtourist.png 170w, https:\/\/mojacarholidayservices.com\/wp-content\/uploads\/2021\/02\/almtourist-10x12.png 10w\" sizes=\"(max-width: 170px) 100vw, 170px\" style=\"width:100%;height:118.82%;max-width:170px\" \/>\t\t\t\t\t\t\t\t\t\t\t\t\t\t\t<\/div>\n\t\t\t\t<\/div>\n\t\t\t\t<div class=\"elementor-element elementor-element-77390bed elementor-widget elementor-widget-text-editor\" data-id=\"77390bed\" data-element_type=\"widget\" data-e-type=\"widget\" data-widget_type=\"text-editor.default\">\n\t\t\t\t<div class=\"elementor-widget-container\">\n\t\t\t\t\t\t\t\t\t<p>Alquiler de villas para vacaciones en Moj\u00e1car. Tenemos una selecci\u00f3n de villas de vacaciones en buen estado para sus vacaciones en la Costa de Almer\u00eda, Espa\u00f1a<\/p>\t\t\t\t\t\t\t\t<\/div>\n\t\t\t\t<\/div>\n\t\t\t\t\t<\/div>\n\t\t<\/div>\n\t\t\t\t\t<\/div>\n\t\t<\/section>\n\t\t\t\t<\/div>","protected":false},"excerpt":{"rendered":"<p>Back to vills Casa Tia Description Facilities Description Central location with easy access to all of the area&#8217;s amenities but quiet residential location not overlooked and sea views.\u00a0 Three private terraces one with a pool and both have a BBQ,\u00a0dining areas and sun loungers great for families and couples wanting some sun bathing and dining&hellip; <a class=\"more-link\" href=\"https:\/\/mojacarholidayservices.com\/es\/villas\/casa-tia\/\">Seguir leyendo <span class=\"screen-reader-text\">Casa Tia<\/span><\/a><\/p>","protected":false},"author":1,"featured_media":0,"parent":34,"menu_order":0,"comment_status":"closed","ping_status":"closed","template":"elementor_header_footer","meta":{"footnotes":""},"class_list":["post-3541","page","type-page","status-publish","hentry","entry"],"aioseo_notices":[],"_links":{"self":[{"href":"https:\/\/mojacarholidayservices.com\/es\/wp-json\/wp\/v2\/pages\/3541","targetHints":{"allow":["GET"]}}],"collection":[{"href":"https:\/\/mojacarholidayservices.com\/es\/wp-json\/wp\/v2\/pages"}],"about":[{"href":"https:\/\/mojacarholidayservices.com\/es\/wp-json\/wp\/v2\/types\/page"}],"author":[{"embeddable":true,"href":"https:\/\/mojacarholidayservices.com\/es\/wp-json\/wp\/v2\/users\/1"}],"replies":[{"embeddable":true,"href":"https:\/\/mojacarholidayservices.com\/es\/wp-json\/wp\/v2\/comments?post=3541"}],"version-history":[{"count":74,"href":"https:\/\/mojacarholidayservices.com\/es\/wp-json\/wp\/v2\/pages\/3541\/revisions"}],"predecessor-version":[{"id":4027,"href":"https:\/\/mojacarholidayservices.com\/es\/wp-json\/wp\/v2\/pages\/3541\/revisions\/4027"}],"up":[{"embeddable":true,"href":"https:\/\/mojacarholidayservices.com\/es\/wp-json\/wp\/v2\/pages\/34"}],"wp:attachment":[{"href":"https:\/\/mojacarholidayservices.com\/es\/wp-json\/wp\/v2\/media?parent=3541"}],"curies":[{"name":"wp","href":"https:\/\/api.w.org\/{rel}","templated":true}]}}