{"id":34,"date":"2021-02-09T16:19:48","date_gmt":"2021-02-09T16:19:48","guid":{"rendered":"http:\/\/mojacarholidayservices.com\/?page_id=34"},"modified":"2026-02-25T13:27:28","modified_gmt":"2026-02-25T13:27:28","slug":"villas","status":"publish","type":"page","link":"https:\/\/mojacarholidayservices.com\/es\/villas\/","title":{"rendered":"Villas rentals Mojacar"},"content":{"rendered":"<div data-elementor-type=\"wp-page\" data-elementor-id=\"34\" class=\"elementor elementor-34\" data-elementor-post-type=\"page\">\n\t\t\t\t\t\t<section class=\"elementor-section elementor-top-section elementor-element elementor-element-f3a7a11 elementor-reverse-tablet elementor-reverse-mobile elementor-section-boxed elementor-section-height-default elementor-section-height-default elementor-invisible\" data-id=\"f3a7a11\" data-element_type=\"section\" data-e-type=\"section\" data-settings=\"{&quot;background_background&quot;:&quot;classic&quot;,&quot;animation&quot;:&quot;fadeIn&quot;}\">\n\t\t\t\t\t\t<div class=\"elementor-container elementor-column-gap-default\">\n\t\t\t\t\t<div class=\"elementor-column elementor-col-100 elementor-top-column elementor-element elementor-element-fa9c6bd\" data-id=\"fa9c6bd\" data-element_type=\"column\" data-e-type=\"column\">\n\t\t\t<div class=\"elementor-widget-wrap elementor-element-populated\">\n\t\t\t\t\t\t<div class=\"elementor-element elementor-element-f97b31e elementor-invisible elementor-widget elementor-widget-heading\" data-id=\"f97b31e\" data-element_type=\"widget\" data-e-type=\"widget\" data-settings=\"{&quot;_animation&quot;:&quot;fadeIn&quot;}\" data-widget_type=\"heading.default\">\n\t\t\t\t<div class=\"elementor-widget-container\">\n\t\t\t\t\t<h2 class=\"elementor-heading-title elementor-size-default\">Mojacar villa rentals<\/h2>\t\t\t\t<\/div>\n\t\t\t\t<\/div>\n\t\t\t\t<section class=\"elementor-section elementor-inner-section elementor-element elementor-element-a0de0e6 elementor-section-boxed elementor-section-height-default elementor-section-height-default\" data-id=\"a0de0e6\" data-element_type=\"section\" data-e-type=\"section\">\n\t\t\t\t\t\t<div class=\"elementor-container elementor-column-gap-default\">\n\t\t\t\t\t<div class=\"elementor-column elementor-col-50 elementor-inner-column elementor-element elementor-element-e23383d\" data-id=\"e23383d\" data-element_type=\"column\" data-e-type=\"column\">\n\t\t\t<div class=\"elementor-widget-wrap elementor-element-populated\">\n\t\t\t\t\t\t<div class=\"elementor-element elementor-element-c8f7724 elementor-widget elementor-widget-image\" data-id=\"c8f7724\" data-element_type=\"widget\" data-e-type=\"widget\" data-widget_type=\"image.default\">\n\t\t\t\t<div class=\"elementor-widget-container\">\n\t\t\t\t\t\t\t\t\t\t\t\t\t\t\t\t<a href=\"http:\/\/mojacarholidayservices.com\/es\/villas\/casa-sueno\/\">\n\t\t\t\t\t\t\t<img decoding=\"async\" src=\"https:\/\/mojacarholidayservices.com\/wp-content\/uploads\/elementor\/thumbs\/1-2-p2o1398vge9b7v57nelkt1yzfxdfrkssqufe3zpfx0.jpg\" title=\"1\" alt=\"1\" loading=\"lazy\" \/>\t\t\t\t\t\t\t\t<\/a>\n\t\t\t\t\t\t\t\t\t\t\t\t\t\t\t<\/div>\n\t\t\t\t<\/div>\n\t\t\t\t\t<\/div>\n\t\t<\/div>\n\t\t\t\t<div class=\"elementor-column elementor-col-50 elementor-inner-column elementor-element elementor-element-dce2a32\" data-id=\"dce2a32\" data-element_type=\"column\" data-e-type=\"column\">\n\t\t\t<div class=\"elementor-widget-wrap elementor-element-populated\">\n\t\t\t\t\t\t<div class=\"elementor-element elementor-element-b59cb25 elementor-widget elementor-widget-text-editor\" data-id=\"b59cb25\" data-element_type=\"widget\" data-e-type=\"widget\" data-widget_type=\"text-editor.default\">\n\t\t\t\t<div class=\"elementor-widget-container\">\n\t\t\t\t\t\t\t\t\t<p><strong>Casa Sueno, Villa: Ref:R048 Almeria, Mojacar Playa<\/strong><br \/><strong>4 hu\u00e9spedes dormitorios 2 ba\u00f1os 2<\/strong><br \/><strong>Pecio p\/w<\/strong><br \/><strong>From: \u20ac 580 To: \u20ac 850<\/strong><\/p><p><strong>Precio mensual: N\/A<\/strong><\/p>\t\t\t\t\t\t\t\t<\/div>\n\t\t\t\t<\/div>\n\t\t\t\t<div class=\"elementor-element elementor-element-6b44ce4 elementor-align-right elementor-widget elementor-widget-button\" data-id=\"6b44ce4\" data-element_type=\"widget\" data-e-type=\"widget\" data-widget_type=\"button.default\">\n\t\t\t\t<div class=\"elementor-widget-container\">\n\t\t\t\t\t\t\t\t\t<div class=\"elementor-button-wrapper\">\n\t\t\t\t\t<a class=\"elementor-button elementor-button-link elementor-size-sm\" href=\"http:\/\/mojacarholidayservices.com\/es\/villas\/casa-sueno\/\">\n\t\t\t\t\t\t<span class=\"elementor-button-content-wrapper\">\n\t\t\t\t\t\t\t\t\t<span class=\"elementor-button-text\">Mas info<\/span>\n\t\t\t\t\t<\/span>\n\t\t\t\t\t<\/a>\n\t\t\t\t<\/div>\n\t\t\t\t\t\t\t\t<\/div>\n\t\t\t\t<\/div>\n\t\t\t\t\t<\/div>\n\t\t<\/div>\n\t\t\t\t\t<\/div>\n\t\t<\/section>\n\t\t\t\t<section class=\"elementor-section elementor-inner-section elementor-element elementor-element-10b7dbe elementor-section-boxed elementor-section-height-default elementor-section-height-default\" data-id=\"10b7dbe\" data-element_type=\"section\" data-e-type=\"section\">\n\t\t\t\t\t\t<div class=\"elementor-container elementor-column-gap-default\">\n\t\t\t\t\t<div class=\"elementor-column elementor-col-50 elementor-inner-column elementor-element elementor-element-301eb4e\" data-id=\"301eb4e\" data-element_type=\"column\" data-e-type=\"column\">\n\t\t\t<div class=\"elementor-widget-wrap elementor-element-populated\">\n\t\t\t\t\t\t<div class=\"elementor-element elementor-element-c26ce58 elementor-widget elementor-widget-image\" data-id=\"c26ce58\" data-element_type=\"widget\" data-e-type=\"widget\" data-widget_type=\"image.default\">\n\t\t\t\t<div class=\"elementor-widget-container\">\n\t\t\t\t\t\t\t\t\t\t\t\t\t\t\t\t<a href=\"http:\/\/mojacarholidayservices.com\/es\/villas\/casa-noot\/\">\n\t\t\t\t\t\t\t<img decoding=\"async\" src=\"https:\/\/mojacarholidayservices.com\/wp-content\/uploads\/elementor\/thumbs\/casanoot1-p2o24ryy9bmcnin7k4ggu34d2mfw0mr2wjw4qm2pjo.jpg\" title=\"casanoot1\" alt=\"casanoot1\" loading=\"lazy\" \/>\t\t\t\t\t\t\t\t<\/a>\n\t\t\t\t\t\t\t\t\t\t\t\t\t\t\t<\/div>\n\t\t\t\t<\/div>\n\t\t\t\t\t<\/div>\n\t\t<\/div>\n\t\t\t\t<div class=\"elementor-column elementor-col-50 elementor-inner-column elementor-element elementor-element-3fdf0d1\" data-id=\"3fdf0d1\" data-element_type=\"column\" data-e-type=\"column\">\n\t\t\t<div class=\"elementor-widget-wrap elementor-element-populated\">\n\t\t\t\t\t\t<div class=\"elementor-element elementor-element-8948895 elementor-widget elementor-widget-text-editor\" data-id=\"8948895\" data-element_type=\"widget\" data-e-type=\"widget\" data-widget_type=\"text-editor.default\">\n\t\t\t\t<div class=\"elementor-widget-container\">\n\t\t\t\t\t\t\t\t\t<p><strong>Casa Noott, Villa: Almeria, R015, Mojacar Playa<\/strong><br \/><strong>8 personas 4 dormitorios  3 ba\u00f1os<\/strong><br \/><strong>Pecio p\/w<\/strong><br \/><strong>From: \u20ac1200 To: \u20ac2840<\/strong><br \/><strong>Precio mensual: N\/A<\/strong><\/p>\t\t\t\t\t\t\t\t<\/div>\n\t\t\t\t<\/div>\n\t\t\t\t<div class=\"elementor-element elementor-element-3c6fc50 elementor-align-right elementor-widget elementor-widget-button\" data-id=\"3c6fc50\" data-element_type=\"widget\" data-e-type=\"widget\" data-widget_type=\"button.default\">\n\t\t\t\t<div class=\"elementor-widget-container\">\n\t\t\t\t\t\t\t\t\t<div class=\"elementor-button-wrapper\">\n\t\t\t\t\t<a class=\"elementor-button elementor-button-link elementor-size-sm\" href=\"http:\/\/mojacarholidayservices.com\/es\/villas\/casa-noot\/\">\n\t\t\t\t\t\t<span class=\"elementor-button-content-wrapper\">\n\t\t\t\t\t\t\t\t\t<span class=\"elementor-button-text\">Mas info<\/span>\n\t\t\t\t\t<\/span>\n\t\t\t\t\t<\/a>\n\t\t\t\t<\/div>\n\t\t\t\t\t\t\t\t<\/div>\n\t\t\t\t<\/div>\n\t\t\t\t\t<\/div>\n\t\t<\/div>\n\t\t\t\t\t<\/div>\n\t\t<\/section>\n\t\t\t\t<section class=\"elementor-section elementor-inner-section elementor-element elementor-element-686f133 elementor-section-boxed elementor-section-height-default elementor-section-height-default\" data-id=\"686f133\" data-element_type=\"section\" data-e-type=\"section\">\n\t\t\t\t\t\t<div class=\"elementor-container elementor-column-gap-default\">\n\t\t\t\t\t<div class=\"elementor-column elementor-col-50 elementor-inner-column elementor-element elementor-element-0699306\" data-id=\"0699306\" data-element_type=\"column\" data-e-type=\"column\">\n\t\t\t<div class=\"elementor-widget-wrap elementor-element-populated\">\n\t\t\t\t\t\t<div class=\"elementor-element elementor-element-debe58d elementor-widget elementor-widget-image\" data-id=\"debe58d\" data-element_type=\"widget\" data-e-type=\"widget\" data-widget_type=\"image.default\">\n\t\t\t\t<div class=\"elementor-widget-container\">\n\t\t\t\t\t\t\t\t\t\t\t\t\t\t\t\t<a href=\"http:\/\/mojacarholidayservices.com\/es\/villas\/vista-grande\/\">\n\t\t\t\t\t\t\t<img decoding=\"async\" src=\"https:\/\/mojacarholidayservices.com\/wp-content\/uploads\/elementor\/thumbs\/Vista-Grande1-p2o2iavcli4vpizykyx7po94s7s0rug1fhtnby0s0k.jpg\" title=\"Vista Grande1\" alt=\"Vista Grande1\" loading=\"lazy\" \/>\t\t\t\t\t\t\t\t<\/a>\n\t\t\t\t\t\t\t\t\t\t\t\t\t\t\t<\/div>\n\t\t\t\t<\/div>\n\t\t\t\t\t<\/div>\n\t\t<\/div>\n\t\t\t\t<div class=\"elementor-column elementor-col-50 elementor-inner-column elementor-element elementor-element-46d4759\" data-id=\"46d4759\" data-element_type=\"column\" data-e-type=\"column\">\n\t\t\t<div class=\"elementor-widget-wrap elementor-element-populated\">\n\t\t\t\t\t\t<div class=\"elementor-element elementor-element-78159c2 elementor-widget elementor-widget-text-editor\" data-id=\"78159c2\" data-element_type=\"widget\" data-e-type=\"widget\" data-widget_type=\"text-editor.default\">\n\t\t\t\t<div class=\"elementor-widget-container\">\n\t\t\t\t\t\t\t\t\t<p><strong>Vista Grande, Villa: Ref: 049 Almeria, Mojacar Playa<\/strong><br \/><strong>6 personas dormitorios 3 ba\u00f1os 3<\/strong><br \/><strong>Pecio p\/w<\/strong><br \/><strong>From: \u20ac 550 To: \u20ac 900<\/strong><br \/><strong>Precio mensual: N\/A<\/strong><\/p>\t\t\t\t\t\t\t\t<\/div>\n\t\t\t\t<\/div>\n\t\t\t\t<div class=\"elementor-element elementor-element-f3fe471 elementor-align-right elementor-widget elementor-widget-button\" data-id=\"f3fe471\" data-element_type=\"widget\" data-e-type=\"widget\" data-widget_type=\"button.default\">\n\t\t\t\t<div class=\"elementor-widget-container\">\n\t\t\t\t\t\t\t\t\t<div class=\"elementor-button-wrapper\">\n\t\t\t\t\t<a class=\"elementor-button elementor-button-link elementor-size-sm\" href=\"http:\/\/mojacarholidayservices.com\/es\/villas\/vista-grande\/\">\n\t\t\t\t\t\t<span class=\"elementor-button-content-wrapper\">\n\t\t\t\t\t\t\t\t\t<span class=\"elementor-button-text\">Mas info<\/span>\n\t\t\t\t\t<\/span>\n\t\t\t\t\t<\/a>\n\t\t\t\t<\/div>\n\t\t\t\t\t\t\t\t<\/div>\n\t\t\t\t<\/div>\n\t\t\t\t\t<\/div>\n\t\t<\/div>\n\t\t\t\t\t<\/div>\n\t\t<\/section>\n\t\t\t\t\t<\/div>\n\t\t<\/div>\n\t\t\t\t\t<\/div>\n\t\t<\/section>\n\t\t\t\t<section class=\"elementor-section elementor-top-section elementor-element elementor-element-a1176f4 elementor-section-boxed elementor-section-height-default elementor-section-height-default\" data-id=\"a1176f4\" data-element_type=\"section\" data-e-type=\"section\">\n\t\t\t\t\t\t<div class=\"elementor-container elementor-column-gap-default\">\n\t\t\t\t\t<div class=\"elementor-column elementor-col-100 elementor-top-column elementor-element elementor-element-b24c7b4\" data-id=\"b24c7b4\" data-element_type=\"column\" data-e-type=\"column\">\n\t\t\t<div class=\"elementor-widget-wrap elementor-element-populated\">\n\t\t\t\t\t\t<div class=\"elementor-element elementor-element-f0a787c elementor-widget elementor-widget-spacer\" data-id=\"f0a787c\" data-element_type=\"widget\" data-e-type=\"widget\" data-widget_type=\"spacer.default\">\n\t\t\t\t<div class=\"elementor-widget-container\">\n\t\t\t\t\t\t\t<div class=\"elementor-spacer\">\n\t\t\t<div class=\"elementor-spacer-inner\"><\/div>\n\t\t<\/div>\n\t\t\t\t\t\t<\/div>\n\t\t\t\t<\/div>\n\t\t\t\t<div class=\"elementor-element elementor-element-f8ef4da elementor-widget elementor-widget-image\" data-id=\"f8ef4da\" data-element_type=\"widget\" data-e-type=\"widget\" data-widget_type=\"image.default\">\n\t\t\t\t<div class=\"elementor-widget-container\">\n\t\t\t\t\t\t\t\t\t\t\t\t\t\t\t<img decoding=\"async\" width=\"170\" height=\"202\" src=\"https:\/\/mojacarholidayservices.com\/wp-content\/uploads\/2021\/02\/almtourist.png\" class=\"attachment-full size-full wp-image-893\" alt=\"Almeria tourism\" srcset=\"https:\/\/mojacarholidayservices.com\/wp-content\/uploads\/2021\/02\/almtourist.png 170w, https:\/\/mojacarholidayservices.com\/wp-content\/uploads\/2021\/02\/almtourist-10x12.png 10w\" sizes=\"(max-width: 170px) 100vw, 170px\" style=\"width:100%;height:118.82%;max-width:170px\" \/>\t\t\t\t\t\t\t\t\t\t\t\t\t\t\t<\/div>\n\t\t\t\t<\/div>\n\t\t\t\t<div class=\"elementor-element elementor-element-b2a63fe elementor-widget elementor-widget-text-editor\" data-id=\"b2a63fe\" data-element_type=\"widget\" data-e-type=\"widget\" data-widget_type=\"text-editor.default\">\n\t\t\t\t<div class=\"elementor-widget-container\">\n\t\t\t\t\t\t\t\t\t<p>Alquiler de villas para vacaciones en Moj\u00e1car. Tenemos una selecci\u00f3n de villas de vacaciones en buen estado para sus vacaciones en la Costa de Almer\u00eda, Espa\u00f1a<\/p>\t\t\t\t\t\t\t\t<\/div>\n\t\t\t\t<\/div>\n\t\t\t\t\t<\/div>\n\t\t<\/div>\n\t\t\t\t\t<\/div>\n\t\t<\/section>\n\t\t\t\t<\/div>","protected":false},"excerpt":{"rendered":"<p>Mojacar villa rentals Casa Sueno, Villa: Ref:R048 Almeria, Mojacar PlayaSleeps 4 Bedrooms 2 Bathrooms 2Price p\/wFrom: \u20ac 580 To: \u20ac 850 Price Monthly: N\/A More info Casa Noott, Villa: Almeria, R015, Mojacar PlayaSleeps 8 Bedrooms 4 Bathrooms 3Price p\/wFrom: \u20ac1200 To: \u20ac2840Price Monthly: N\/A More info Vista Grande, Villa: Ref: 049 Almeria, Mojacar PlayaSleeps 6&hellip; <a class=\"more-link\" href=\"https:\/\/mojacarholidayservices.com\/es\/villas\/\">Seguir leyendo <span class=\"screen-reader-text\">Villas rentals Mojacar<\/span><\/a><\/p>","protected":false},"author":1,"featured_media":0,"parent":0,"menu_order":0,"comment_status":"closed","ping_status":"closed","template":"elementor_header_footer","meta":{"footnotes":""},"class_list":["post-34","page","type-page","status-publish","hentry","entry"],"aioseo_notices":[],"_links":{"self":[{"href":"https:\/\/mojacarholidayservices.com\/es\/wp-json\/wp\/v2\/pages\/34","targetHints":{"allow":["GET"]}}],"collection":[{"href":"https:\/\/mojacarholidayservices.com\/es\/wp-json\/wp\/v2\/pages"}],"about":[{"href":"https:\/\/mojacarholidayservices.com\/es\/wp-json\/wp\/v2\/types\/page"}],"author":[{"embeddable":true,"href":"https:\/\/mojacarholidayservices.com\/es\/wp-json\/wp\/v2\/users\/1"}],"replies":[{"embeddable":true,"href":"https:\/\/mojacarholidayservices.com\/es\/wp-json\/wp\/v2\/comments?post=34"}],"version-history":[{"count":353,"href":"https:\/\/mojacarholidayservices.com\/es\/wp-json\/wp\/v2\/pages\/34\/revisions"}],"predecessor-version":[{"id":4037,"href":"https:\/\/mojacarholidayservices.com\/es\/wp-json\/wp\/v2\/pages\/34\/revisions\/4037"}],"wp:attachment":[{"href":"https:\/\/mojacarholidayservices.com\/es\/wp-json\/wp\/v2\/media?parent=34"}],"curies":[{"name":"wp","href":"https:\/\/api.w.org\/{rel}","templated":true}]}}