{"id":32,"date":"2021-02-09T16:19:13","date_gmt":"2021-02-09T16:19:13","guid":{"rendered":"http:\/\/mojacarholidayservices.com\/?page_id=32"},"modified":"2026-02-25T13:25:22","modified_gmt":"2026-02-25T13:25:22","slug":"about","status":"publish","type":"page","link":"https:\/\/mojacarholidayservices.com\/es\/","title":{"rendered":"Mojacar holiday Services"},"content":{"rendered":"<div data-elementor-type=\"wp-page\" data-elementor-id=\"32\" class=\"elementor elementor-32\" data-elementor-post-type=\"page\">\n\t\t\t\t\t\t<section class=\"elementor-section elementor-top-section elementor-element elementor-element-c87a6ce elementor-section-boxed elementor-section-height-default elementor-section-height-default\" data-id=\"c87a6ce\" data-element_type=\"section\" data-e-type=\"section\" data-settings=\"{&quot;background_background&quot;:&quot;classic&quot;}\">\n\t\t\t\t\t\t<div class=\"elementor-container elementor-column-gap-default\">\n\t\t\t\t\t<div class=\"elementor-column elementor-col-50 elementor-top-column elementor-element elementor-element-ea0447c\" data-id=\"ea0447c\" data-element_type=\"column\" data-e-type=\"column\">\n\t\t\t<div class=\"elementor-widget-wrap elementor-element-populated\">\n\t\t\t\t\t\t<div class=\"elementor-element elementor-element-b27ab82 elementor-invisible elementor-widget elementor-widget-heading\" data-id=\"b27ab82\" data-element_type=\"widget\" data-e-type=\"widget\" data-settings=\"{&quot;_animation&quot;:&quot;fadeIn&quot;}\" data-widget_type=\"heading.default\">\n\t\t\t\t<div class=\"elementor-widget-container\">\n\t\t\t\t\t<h1 class=\"elementor-heading-title elementor-size-large\">Alquiler vacacional y gesti\u00f3n inmobiliaria Moj\u00e1car, Almer\u00eda, Espa\u00f1a<\/h1>\t\t\t\t<\/div>\n\t\t\t\t<\/div>\n\t\t\t\t<div class=\"elementor-element elementor-element-ef5f8f9 elementor-invisible elementor-widget elementor-widget-text-editor\" data-id=\"ef5f8f9\" data-element_type=\"widget\" data-e-type=\"widget\" data-settings=\"{&quot;_animation&quot;:&quot;fadeIn&quot;}\" data-widget_type=\"text-editor.default\">\n\t\t\t\t<div class=\"elementor-widget-container\">\n\t\t\t\t\t\t\t\t\tEstablecidos hace m\u00e1s de 20 a\u00f1os en Moj\u00e1car Playa, somos una peque\u00f1a pero solidaria y eficiente empresa familiar que se especializa en el alquiler de villas y apartamentos. Si est\u00e1 buscando el lugar perfecto para sus vacaciones anuales de verano o quiz\u00e1s una estad\u00eda m\u00e1s prolongada disfrutando de nuestro maravilloso sol de invierno, entonces tenemos una buena selecci\u00f3n de casas cuidadosamente seleccionadas para todos los gustos y bolsillos.\n<br><br>\nTambi\u00e9n ofrecemos un paquete profesional totalmente administrado para los propietarios que deseen alquilar sus casas; consulte el <a href=\"https:\/\/mojacarholidayservices.com\/es\/management\/\">Management<\/a> section on our website for further details.\t\t\t\t\t\t\t\t<\/div>\n\t\t\t\t<\/div>\n\t\t\t\t<div class=\"elementor-element elementor-element-a8cfbc4 elementor-widget elementor-widget-image\" data-id=\"a8cfbc4\" data-element_type=\"widget\" data-e-type=\"widget\" data-widget_type=\"image.default\">\n\t\t\t\t<div class=\"elementor-widget-container\">\n\t\t\t\t\t\t\t\t\t\t\t\t\t\t\t<img fetchpriority=\"high\" decoding=\"async\" width=\"1634\" height=\"700\" src=\"https:\/\/mojacarholidayservices.com\/wp-content\/uploads\/2021\/02\/Untitled-9-copy-1.jpg\" class=\"attachment-full size-full wp-image-264\" alt=\"\" srcset=\"https:\/\/mojacarholidayservices.com\/wp-content\/uploads\/2021\/02\/Untitled-9-copy-1.jpg 1634w, https:\/\/mojacarholidayservices.com\/wp-content\/uploads\/2021\/02\/Untitled-9-copy-1-300x129.jpg 300w, https:\/\/mojacarholidayservices.com\/wp-content\/uploads\/2021\/02\/Untitled-9-copy-1-1024x439.jpg 1024w, https:\/\/mojacarholidayservices.com\/wp-content\/uploads\/2021\/02\/Untitled-9-copy-1-768x329.jpg 768w, https:\/\/mojacarholidayservices.com\/wp-content\/uploads\/2021\/02\/Untitled-9-copy-1-1536x658.jpg 1536w\" sizes=\"(max-width: 1634px) 100vw, 1634px\" style=\"width:100%;height:42.84%;max-width:1634px\" \/>\t\t\t\t\t\t\t\t\t\t\t\t\t\t\t<\/div>\n\t\t\t\t<\/div>\n\t\t\t\t<div class=\"elementor-element elementor-element-99d6966 elementor-widget elementor-widget-text-editor\" data-id=\"99d6966\" data-element_type=\"widget\" data-e-type=\"widget\" data-widget_type=\"text-editor.default\">\n\t\t\t\t<div class=\"elementor-widget-container\">\n\t\t\t\t\t\t\t\t\t<p>Debido al fascinante contraste entre culturas en Moj\u00e1car, es muy f\u00e1cil olvidar todo lo que tiene que ver con el mundo exterior. Su fachada orientada al Mediterr\u00e1neo es una mezcla permanente de dos culturas. La influencia isl\u00e1mica sigue inspirando su arquitectura y su cocina. Tambi\u00e9n se puede sentir en las plazas y callejuelas del pueblo. J\u00f3venes artistas y artesanos<br \/>absorber el esp\u00edritu de quienes inicialmente dieron su nombre a las calles aqu\u00ed.<\/p>\t\t\t\t\t\t\t\t<\/div>\n\t\t\t\t<\/div>\n\t\t\t\t<div class=\"elementor-element elementor-element-ef09c2e elementor-widget elementor-widget-image\" data-id=\"ef09c2e\" data-element_type=\"widget\" data-e-type=\"widget\" data-widget_type=\"image.default\">\n\t\t\t\t<div class=\"elementor-widget-container\">\n\t\t\t\t\t\t\t\t\t\t\t\t\t\t\t<img decoding=\"async\" width=\"600\" height=\"257\" src=\"https:\/\/mojacarholidayservices.com\/wp-content\/uploads\/2021\/02\/mojP12.jpg\" class=\"attachment-full size-full wp-image-270\" alt=\"\" srcset=\"https:\/\/mojacarholidayservices.com\/wp-content\/uploads\/2021\/02\/mojP12.jpg 600w, https:\/\/mojacarholidayservices.com\/wp-content\/uploads\/2021\/02\/mojP12-300x129.jpg 300w\" sizes=\"(max-width: 600px) 100vw, 600px\" style=\"width:100%;height:42.83%;max-width:600px\" \/>\t\t\t\t\t\t\t\t\t\t\t\t\t\t\t<\/div>\n\t\t\t\t<\/div>\n\t\t\t\t<div class=\"elementor-element elementor-element-07191f9 elementor-widget elementor-widget-text-editor\" data-id=\"07191f9\" data-element_type=\"widget\" data-e-type=\"widget\" data-widget_type=\"text-editor.default\">\n\t\t\t\t<div class=\"elementor-widget-container\">\n\t\t\t\t\t\t\t\t\t<p>Para los que a\u00fan no han visitado la Costa Almer\u00eda m\u00e1s<br>provincia oriental en la zona de andalucia una agradable sorpresa<br>te espera. Almer\u00eda cuenta con el mayor n\u00famero de horas de<br>sunshine per year in all of Spain. Partly classified as desert<br>Almer\u00eda es tambi\u00e9n la provincia m\u00e1s seca de<br>Espa\u00f1a. Moj\u00e1car est\u00e1 aproximadamente a 1 hora en coche de Almer\u00eda.<br>aeropuerto (LEI) que se encuentra a 10 minutos en taxi desde Almer\u00eda<br>city.&nbsp;<\/p>\t\t\t\t\t\t\t\t<\/div>\n\t\t\t\t<\/div>\n\t\t\t\t\t<\/div>\n\t\t<\/div>\n\t\t\t\t<div class=\"elementor-column elementor-col-50 elementor-top-column elementor-element elementor-element-5af8c2f\" data-id=\"5af8c2f\" data-element_type=\"column\" data-e-type=\"column\">\n\t\t\t<div class=\"elementor-widget-wrap elementor-element-populated\">\n\t\t\t\t\t\t<div class=\"elementor-element elementor-element-4ce4310 elementor-invisible elementor-widget elementor-widget-text-editor\" data-id=\"4ce4310\" data-element_type=\"widget\" data-e-type=\"widget\" data-settings=\"{&quot;_animation&quot;:&quot;fadeIn&quot;}\" data-widget_type=\"text-editor.default\">\n\t\t\t\t<div class=\"elementor-widget-container\">\n\t\t\t\t\t\t\t\t\t<p><a href=\"http:\/\/mojacarholidayservices.com\/es\/villas\/\">Villas<\/a><\/p>\t\t\t\t\t\t\t\t<\/div>\n\t\t\t\t<\/div>\n\t\t\t\t<div class=\"elementor-element elementor-element-4f60b79 elementor--h-position-center elementor--v-position-middle elementor-arrows-position-inside elementor-pagination-position-inside elementor-invisible elementor-widget elementor-widget-slides\" data-id=\"4f60b79\" data-element_type=\"widget\" data-e-type=\"widget\" data-settings=\"{&quot;_animation&quot;:&quot;fadeIn&quot;,&quot;navigation&quot;:&quot;both&quot;,&quot;autoplay&quot;:&quot;yes&quot;,&quot;pause_on_hover&quot;:&quot;yes&quot;,&quot;pause_on_interaction&quot;:&quot;yes&quot;,&quot;autoplay_speed&quot;:5000,&quot;infinite&quot;:&quot;yes&quot;,&quot;transition&quot;:&quot;slide&quot;,&quot;transition_speed&quot;:500}\" data-widget_type=\"slides.default\">\n\t\t\t\t<div class=\"elementor-widget-container\">\n\t\t\t\t\t\t\t\t\t<div class=\"elementor-swiper\">\n\t\t\t\t\t<div class=\"elementor-slides-wrapper elementor-main-swiper swiper\" role=\"region\" aria-roledescription=\"carousel\" aria-label=\"Slides\" dir=\"ltr\" data-animation=\"fadeInUp\">\n\t\t\t\t<div class=\"swiper-wrapper elementor-slides\">\n\t\t\t\t\t\t\t\t\t\t<div class=\"elementor-repeater-item-5c8ddc4 swiper-slide\" role=\"group\" aria-roledescription=\"slide\"><div class=\"swiper-slide-bg\" role=\"img\" aria-label=\"1\"><\/div><a class=\"swiper-slide-inner\" href=\"https:\/\/mojacarholidayservices.com\/es\/villas\/casa-sueno\/\"><div class=\"swiper-slide-contents\"><div class=\"elementor-slide-heading\">Casa Sueno<\/div><div class=\"elementor-slide-description\">2 Dormatorios, 4 Duerme,  2 Banos Piscina comunitaria<\/div><div  class=\"elementor-button elementor-slide-button elementor-size-sm\">Mas info<\/div><\/div><\/a><\/div><div class=\"elementor-repeater-item-ed5cdda swiper-slide\" role=\"group\" aria-roledescription=\"slide\"><div class=\"swiper-slide-bg elementor-ken-burns elementor-ken-burns--in\" role=\"img\" aria-label=\"Casa Noott8\"><\/div><a class=\"swiper-slide-inner\" href=\"https:\/\/mojacarholidayservices.com\/es\/villas\/casa-noot\/\"><div class=\"swiper-slide-contents\"><div class=\"elementor-slide-heading\">Casa Noott<\/div><div class=\"elementor-slide-description\">8 personas 4 dormitorios  3 ba\u00f1os<\/div><div  class=\"elementor-button elementor-slide-button elementor-size-sm\">Mas info<\/div><\/div><\/a><\/div><div class=\"elementor-repeater-item-5468cf6 swiper-slide\" role=\"group\" aria-roledescription=\"slide\"><div class=\"swiper-slide-bg\" role=\"img\" aria-label=\"Vista Grande1\"><\/div><a class=\"swiper-slide-inner\" href=\"https:\/\/mojacarholidayservices.com\/es\/villas\/vista-grande\/\"><div class=\"swiper-slide-contents\"><div class=\"elementor-slide-heading\">Vista Grande<\/div><div class=\"elementor-slide-description\">Sleeps 6 Bedrooms 3 Bathrooms 3 Communal Pool<\/div><div  class=\"elementor-button elementor-slide-button elementor-size-sm\">Mas info<\/div><\/div><\/a><\/div>\t\t\t\t<\/div>\n\t\t\t\t\t\t\t\t\t\t\t\t\t\t\t<div class=\"elementor-swiper-button elementor-swiper-button-prev\" role=\"button\" tabindex=\"0\" aria-label=\"Previous slide\">\n\t\t\t\t\t\t\t<i aria-hidden=\"true\" class=\"eicon-chevron-left\"><\/i>\t\t\t\t\t\t<\/div>\n\t\t\t\t\t\t<div class=\"elementor-swiper-button elementor-swiper-button-next\" role=\"button\" tabindex=\"0\" aria-label=\"Next slide\">\n\t\t\t\t\t\t\t<i aria-hidden=\"true\" class=\"eicon-chevron-right\"><\/i>\t\t\t\t\t\t<\/div>\n\t\t\t\t\t\t\t\t\t\t\t\t\t\t\t\t<div class=\"swiper-pagination\"><\/div>\n\t\t\t\t\t\t\t\t\t\t\t\t<\/div>\n\t\t\t\t<\/div>\n\t\t\t\t\t\t\t\t<\/div>\n\t\t\t\t<\/div>\n\t\t\t\t<div class=\"elementor-element elementor-element-cd8aeec elementor-invisible elementor-widget elementor-widget-text-editor\" data-id=\"cd8aeec\" data-element_type=\"widget\" data-e-type=\"widget\" data-settings=\"{&quot;_animation&quot;:&quot;fadeIn&quot;}\" data-widget_type=\"text-editor.default\">\n\t\t\t\t<div class=\"elementor-widget-container\">\n\t\t\t\t\t\t\t\t\t<p><a href=\"http:\/\/mojacarholidayservices.com\/es\/apartments\/\">Apartamentos<\/a><\/p>\t\t\t\t\t\t\t\t<\/div>\n\t\t\t\t<\/div>\n\t\t\t\t<div class=\"elementor-element elementor-element-9bba511 elementor--h-position-center elementor--v-position-middle elementor-arrows-position-inside elementor-pagination-position-inside elementor-invisible elementor-widget elementor-widget-slides\" data-id=\"9bba511\" data-element_type=\"widget\" data-e-type=\"widget\" data-settings=\"{&quot;_animation&quot;:&quot;fadeIn&quot;,&quot;navigation&quot;:&quot;both&quot;,&quot;autoplay&quot;:&quot;yes&quot;,&quot;pause_on_hover&quot;:&quot;yes&quot;,&quot;pause_on_interaction&quot;:&quot;yes&quot;,&quot;autoplay_speed&quot;:5000,&quot;infinite&quot;:&quot;yes&quot;,&quot;transition&quot;:&quot;slide&quot;,&quot;transition_speed&quot;:500}\" data-widget_type=\"slides.default\">\n\t\t\t\t<div class=\"elementor-widget-container\">\n\t\t\t\t\t\t\t\t\t<div class=\"elementor-swiper\">\n\t\t\t\t\t<div class=\"elementor-slides-wrapper elementor-main-swiper swiper\" role=\"region\" aria-roledescription=\"carousel\" aria-label=\"Slides\" dir=\"ltr\" data-animation=\"fadeInUp\">\n\t\t\t\t<div class=\"swiper-wrapper elementor-slides\">\n\t\t\t\t\t\t\t\t\t\t<div class=\"elementor-repeater-item-fb5ea53 swiper-slide\" role=\"group\" aria-roledescription=\"slide\"><div class=\"swiper-slide-bg elementor-ken-burns elementor-ken-burns--in\" role=\"img\" aria-label=\"lascumbris\"><\/div><a class=\"swiper-slide-inner\" href=\"https:\/\/mojacarholidayservices.com\/es\/apartments\/las-cumbres\/\"><div class=\"swiper-slide-contents\"><div class=\"elementor-slide-heading\">Casa Haigh<\/div><div class=\"elementor-slide-description\">2 Dormatorios, 4 Duerme, Piscina comunitaria<\/div><div  class=\"elementor-button elementor-slide-button elementor-size-sm\">Mas info<\/div><\/div><\/a><\/div><div class=\"elementor-repeater-item-af40427 swiper-slide\" role=\"group\" aria-roledescription=\"slide\"><div class=\"swiper-slide-bg elementor-ken-burns elementor-ken-burns--in\" role=\"img\" aria-label=\"IMG_4194.jpegSmall\"><\/div><a class=\"swiper-slide-inner\" href=\"https:\/\/mojacarholidayservices.com\/es\/apartments\/casa\/\"><div class=\"swiper-slide-contents\"><div class=\"elementor-slide-heading\">Oasis del Mar<\/div><div class=\"elementor-slide-description\">2 Dormatorios, 4 Duerme, Piscina comunitaria<\/div><div  class=\"elementor-button elementor-slide-button elementor-size-sm\">Mas info<\/div><\/div><\/a><\/div><div class=\"elementor-repeater-item-a9dc6a5 swiper-slide\" role=\"group\" aria-roledescription=\"slide\"><div class=\"swiper-slide-bg elementor-ken-burns elementor-ken-burns--in\" role=\"img\" aria-label=\"casalango1.1S\"><\/div><a class=\"swiper-slide-inner\" href=\"https:\/\/mojacarholidayservices.com\/es\/apartments\/apartment-rental-casa-lango1-mojacar\/\"><div class=\"swiper-slide-contents\"><div class=\"elementor-slide-heading\">Casa Lango<\/div><div class=\"elementor-slide-description\">Exclusive use of pool.Sleeps 4  Bedrooms 2   Bathrooms 1  Pool<\/div><div  class=\"elementor-button elementor-slide-button elementor-size-sm\">Mas info<\/div><\/div><\/a><\/div><div class=\"elementor-repeater-item-668647f swiper-slide\" role=\"group\" aria-roledescription=\"slide\"><div class=\"swiper-slide-bg\" role=\"img\" aria-label=\"Alboroke2.1\"><\/div><a class=\"swiper-slide-inner\" href=\"https:\/\/mojacarholidayservices.com\/es\/apartments\/alboroke-2\/\"><div class=\"swiper-slide-contents\"><div class=\"elementor-slide-heading\">Casa Sol<\/div><div class=\"elementor-slide-description\">Sleeps 4 Bedrooms 2 Bathrooms 2, Communal Pool<\/div><div  class=\"elementor-button elementor-slide-button elementor-size-sm\">Mas info<\/div><\/div><\/a><\/div>\t\t\t\t<\/div>\n\t\t\t\t\t\t\t\t\t\t\t\t\t\t\t<div class=\"elementor-swiper-button elementor-swiper-button-prev\" role=\"button\" tabindex=\"0\" aria-label=\"Previous slide\">\n\t\t\t\t\t\t\t<i aria-hidden=\"true\" class=\"eicon-chevron-left\"><\/i>\t\t\t\t\t\t<\/div>\n\t\t\t\t\t\t<div class=\"elementor-swiper-button elementor-swiper-button-next\" role=\"button\" tabindex=\"0\" aria-label=\"Next slide\">\n\t\t\t\t\t\t\t<i aria-hidden=\"true\" class=\"eicon-chevron-right\"><\/i>\t\t\t\t\t\t<\/div>\n\t\t\t\t\t\t\t\t\t\t\t\t\t\t\t\t<div class=\"swiper-pagination\"><\/div>\n\t\t\t\t\t\t\t\t\t\t\t\t<\/div>\n\t\t\t\t<\/div>\n\t\t\t\t\t\t\t\t<\/div>\n\t\t\t\t<\/div>\n\t\t\t\t<div class=\"elementor-element elementor-element-c55e6ef elementor-widget elementor-widget-text-editor\" data-id=\"c55e6ef\" data-element_type=\"widget\" data-e-type=\"widget\" data-widget_type=\"text-editor.default\">\n\t\t\t\t<div class=\"elementor-widget-container\">\n\t\t\t\t\t\t\t\t\t<p>Ver nuestro <a href=\"http:\/\/mojacarholidayservices.com\/es\/apartments\/\">apartamentos<\/a> en alquiler vacacional Mojacar Playa. Tenemos una seleccion de <a href=\"http:\/\/mojacarholidayservices.com\/es\/villas\/\">villas<\/a> con piscinas privadas disponibles para sus vacaciones de verano<\/p>\t\t\t\t\t\t\t\t<\/div>\n\t\t\t\t<\/div>\n\t\t\t\t\t<\/div>\n\t\t<\/div>\n\t\t\t\t\t<\/div>\n\t\t<\/section>\n\t\t\t\t<section class=\"elementor-section elementor-top-section elementor-element elementor-element-018aa97 elementor-section-boxed elementor-section-height-default elementor-section-height-default\" data-id=\"018aa97\" data-element_type=\"section\" data-e-type=\"section\">\n\t\t\t\t\t\t<div class=\"elementor-container elementor-column-gap-default\">\n\t\t\t\t\t<div class=\"elementor-column elementor-col-100 elementor-top-column elementor-element elementor-element-fbb854b\" data-id=\"fbb854b\" data-element_type=\"column\" data-e-type=\"column\">\n\t\t\t<div class=\"elementor-widget-wrap elementor-element-populated\">\n\t\t\t\t\t\t<div class=\"elementor-element elementor-element-68b0922 elementor-widget elementor-widget-menu-anchor\" data-id=\"68b0922\" data-element_type=\"widget\" data-e-type=\"widget\" data-widget_type=\"menu-anchor.default\">\n\t\t\t\t<div class=\"elementor-widget-container\">\n\t\t\t\t\t\t\t<div class=\"elementor-menu-anchor\" id=\"contact\"><\/div>\n\t\t\t\t\t\t<\/div>\n\t\t\t\t<\/div>\n\t\t\t\t<div class=\"elementor-element elementor-element-c9bba04 elementor-widget elementor-widget-heading\" data-id=\"c9bba04\" data-element_type=\"widget\" data-e-type=\"widget\" data-widget_type=\"heading.default\">\n\t\t\t\t<div class=\"elementor-widget-container\">\n\t\t\t\t\t<h2 class=\"elementor-heading-title elementor-size-default\">Book your 2023 holiday in Almeria, Spain<\/h2>\t\t\t\t<\/div>\n\t\t\t\t<\/div>\n\t\t\t\t\t<\/div>\n\t\t<\/div>\n\t\t\t\t\t<\/div>\n\t\t<\/section>\n\t\t\t\t<section class=\"elementor-section elementor-top-section elementor-element elementor-element-1a5c797 elementor-section-boxed elementor-section-height-default elementor-section-height-default\" data-id=\"1a5c797\" data-element_type=\"section\" data-e-type=\"section\">\n\t\t\t\t\t\t<div class=\"elementor-container elementor-column-gap-default\">\n\t\t\t\t\t<div class=\"elementor-column elementor-col-50 elementor-top-column elementor-element elementor-element-e822229\" data-id=\"e822229\" data-element_type=\"column\" data-e-type=\"column\">\n\t\t\t<div class=\"elementor-widget-wrap elementor-element-populated\">\n\t\t\t\t\t\t<div class=\"elementor-element elementor-element-a3a53ed eael-contact-form-7-button-align-left eael-contact-form-7-button-custom elementor-widget elementor-widget-eael-contact-form-7\" data-id=\"a3a53ed\" data-element_type=\"widget\" data-e-type=\"widget\" data-widget_type=\"eael-contact-form-7.default\">\n\t\t\t\t<div class=\"elementor-widget-container\">\n\t\t\t\t\t<div class=\"eael-contact-form-7-wrapper\">\n                <div class=\"eael-contact-form eael-contact-form-7 eael-contact-form-a3a53ed placeholder-show eael-contact-form-align-default\">\n<div class=\"wpcf7 no-js\" id=\"wpcf7-f277-o1\" lang=\"en-GB\" dir=\"ltr\" data-wpcf7-id=\"277\">\n<div class=\"screen-reader-response\"><p role=\"status\" aria-live=\"polite\" aria-atomic=\"true\"><\/p> <ul><\/ul><\/div>\n<form action=\"\/es\/wp-json\/wp\/v2\/pages\/32#wpcf7-f277-o1\" method=\"post\" class=\"wpcf7-form init\" aria-label=\"Contact form\" novalidate=\"novalidate\" data-status=\"init\" data-trp-original-action=\"\/es\/wp-json\/wp\/v2\/pages\/32#wpcf7-f277-o1\">\n<fieldset class=\"hidden-fields-container\"><input type=\"hidden\" name=\"_wpcf7\" value=\"277\" \/><input type=\"hidden\" name=\"_wpcf7_version\" value=\"6.1.5\" \/><input type=\"hidden\" name=\"_wpcf7_locale\" value=\"en_GB\" \/><input type=\"hidden\" name=\"_wpcf7_unit_tag\" value=\"wpcf7-f277-o1\" \/><input type=\"hidden\" name=\"_wpcf7_container_post\" value=\"0\" \/><input type=\"hidden\" name=\"_wpcf7_posted_data_hash\" value=\"\" \/><input type=\"hidden\" name=\"_wpcf7_recaptcha_response\" value=\"\" \/>\n<\/fieldset>\n<p><label> Tu Nombre<br \/>\n<span class=\"wpcf7-form-control-wrap\" data-name=\"your-name\"><input size=\"40\" maxlength=\"400\" class=\"wpcf7-form-control wpcf7-text wpcf7-validates-as-required\" aria-required=\"true\" aria-invalid=\"false\" value=\"\" type=\"text\" name=\"your-name\" \/><\/span> <\/label>\n<\/p>\n<p><label> Tu correo electr\u00f3nico<br \/>\n<span class=\"wpcf7-form-control-wrap\" data-name=\"your-email\"><input size=\"40\" maxlength=\"400\" class=\"wpcf7-form-control wpcf7-email wpcf7-validates-as-required wpcf7-text wpcf7-validates-as-email\" aria-required=\"true\" aria-invalid=\"false\" value=\"\" type=\"email\" name=\"your-email\" \/><\/span> <\/label>\n<\/p>\n<p><label> Detalles<br \/>\n<span class=\"wpcf7-form-control-wrap\" data-name=\"your-subject\"><input size=\"40\" maxlength=\"400\" class=\"wpcf7-form-control wpcf7-text wpcf7-validates-as-required\" aria-required=\"true\" aria-invalid=\"false\" value=\"\" type=\"text\" name=\"your-subject\" \/><\/span> <\/label>\n<\/p>\n<p><label> Tu mensaje<br \/>\n<span class=\"wpcf7-form-control-wrap\" data-name=\"your-message\"><textarea cols=\"40\" rows=\"10\" maxlength=\"2000\" class=\"wpcf7-form-control wpcf7-textarea\" aria-invalid=\"false\" name=\"your-message\"><\/textarea><\/span> <\/label>\n<\/p>\n<p><input class=\"wpcf7-form-control wpcf7-submit has-spinner\" type=\"submit\" value=\"Enviar\" \/>\n<\/p><div class=\"wpcf7-response-output\" aria-hidden=\"true\"><\/div>\n<input type=\"hidden\" name=\"trp-form-language\" value=\"es\"\/><\/form>\n<\/div>\n<\/div>\n            <\/div>\t\t\t\t<\/div>\n\t\t\t\t<\/div>\n\t\t\t\t\t<\/div>\n\t\t<\/div>\n\t\t\t\t<div class=\"elementor-column elementor-col-50 elementor-top-column elementor-element elementor-element-7082030\" data-id=\"7082030\" data-element_type=\"column\" data-e-type=\"column\">\n\t\t\t<div class=\"elementor-widget-wrap elementor-element-populated\">\n\t\t\t\t\t\t<div class=\"elementor-element elementor-element-8441f9f elementor-widget elementor-widget-google_maps\" data-id=\"8441f9f\" data-element_type=\"widget\" data-e-type=\"widget\" data-widget_type=\"google_maps.default\">\n\t\t\t\t<div class=\"elementor-widget-container\">\n\t\t\t\t\t\t\t<div class=\"elementor-custom-embed\">\n\t\t\t<iframe loading=\"lazy\"\n\t\t\t\t\tsrc=\"https:\/\/maps.google.com\/maps?q=Mojacar&#038;t=m&#038;z=13&#038;output=embed&#038;iwloc=near\"\n\t\t\t\t\ttitle=\"Moj\u00e1car\"\n\t\t\t\t\taria-label=\"Moj\u00e1car\"\n\t\t\t><\/iframe>\n\t\t<\/div>\n\t\t\t\t\t\t<\/div>\n\t\t\t\t<\/div>\n\t\t\t\t<div class=\"elementor-element elementor-element-d406b7d elementor-widget elementor-widget-text-editor\" data-id=\"d406b7d\" data-element_type=\"widget\" data-e-type=\"widget\" data-widget_type=\"text-editor.default\">\n\t\t\t\t<div class=\"elementor-widget-container\">\n\t\t\t\t\t\t\t\t\t<p>Tel: +34 634972377<\/p><p>Correo electr\u00f3nico: mojacarhols@gmail.com<\/p>\t\t\t\t\t\t\t\t<\/div>\n\t\t\t\t<\/div>\n\t\t\t\t\t<\/div>\n\t\t<\/div>\n\t\t\t\t\t<\/div>\n\t\t<\/section>\n\t\t\t\t<\/div>","protected":false},"excerpt":{"rendered":"<p>Holiday rentals and property management Mojacar, Almeria, Spain Established over 20 years on Mojacar Playa, we are a small but caring and efficient family business specialising in villa and apartment rentals. If you are looking for the perfect place for your annual summer holiday or perhaps a longer stay enjoying our wonderful winter sunshine, then&hellip; <a class=\"more-link\" href=\"https:\/\/mojacarholidayservices.com\/es\/\">Seguir leyendo <span class=\"screen-reader-text\">Mojacar holiday Services<\/span><\/a><\/p>","protected":false},"author":1,"featured_media":0,"parent":0,"menu_order":0,"comment_status":"closed","ping_status":"closed","template":"elementor_header_footer","meta":{"footnotes":""},"class_list":["post-32","page","type-page","status-publish","hentry","entry"],"aioseo_notices":[],"_links":{"self":[{"href":"https:\/\/mojacarholidayservices.com\/es\/wp-json\/wp\/v2\/pages\/32","targetHints":{"allow":["GET"]}}],"collection":[{"href":"https:\/\/mojacarholidayservices.com\/es\/wp-json\/wp\/v2\/pages"}],"about":[{"href":"https:\/\/mojacarholidayservices.com\/es\/wp-json\/wp\/v2\/types\/page"}],"author":[{"embeddable":true,"href":"https:\/\/mojacarholidayservices.com\/es\/wp-json\/wp\/v2\/users\/1"}],"replies":[{"embeddable":true,"href":"https:\/\/mojacarholidayservices.com\/es\/wp-json\/wp\/v2\/comments?post=32"}],"version-history":[{"count":446,"href":"https:\/\/mojacarholidayservices.com\/es\/wp-json\/wp\/v2\/pages\/32\/revisions"}],"predecessor-version":[{"id":4034,"href":"https:\/\/mojacarholidayservices.com\/es\/wp-json\/wp\/v2\/pages\/32\/revisions\/4034"}],"wp:attachment":[{"href":"https:\/\/mojacarholidayservices.com\/es\/wp-json\/wp\/v2\/media?parent=32"}],"curies":[{"name":"wp","href":"https:\/\/api.w.org\/{rel}","templated":true}]}}